{"id":1404,"date":"2022-11-20T00:56:24","date_gmt":"2022-11-20T00:56:24","guid":{"rendered":"http:\/\/www.raftmexico.mx\/blog\/?post_type=product&#038;p=1404"},"modified":"2025-07-29T23:35:50","modified_gmt":"2025-07-29T23:35:50","slug":"senderismo-poza-sagrada-quetzalcoatl-amatlan-morelos","status":"publish","type":"product","link":"https:\/\/www.raftmexico.mx\/blog\/tours\/senderismo-poza-sagrada-quetzalcoatl-amatlan-morelos\/","title":{"rendered":"Senderismo Poza Sagrada Quetzalcoatl &#8211; Amatl\u00e1n Morelos"},"content":{"rendered":"<p>Caminemos juntos rumbo a la poza sagrada de Quetzalcoatl.<!--more--><\/p>\n<p>Si lo que buscas es lo m\u00edstico, espiritual y naturaleza este sendero es lo que est\u00e1s buscando, en este lugar naci\u00f3 el sacerdote Ce Acatl Topiltzin Quetzacoatl, que fue un personaje de suma importancia en la historia prehisp\u00e1nica, rodeado de monta\u00f1as y vegetaci\u00f3n te iremos contando su historia hasta llegar a este m\u00e1gico lugar, aqu\u00ed podr\u00e1s recargarte de toda la energ\u00eda y disfrutar de un delicioso refrigerio. Nos gustar\u00eda contarte m\u00e1s de este lugar pero mejor te invitamos a descubrirlo y que tu nos cuentes que te pareci\u00f3.<\/p>\n<table class=\"table table-bordered tours-tabs__table\" style=\"height: 233px;\" width=\"862\">\n<tbody>\n<tr>\n<td><strong>GRUPO M\u00cdNIMO<\/strong><\/td>\n<td>4 Personas.<\/td>\n<\/tr>\n<tr>\n<td><strong>LOCACI\u00d3N DE PARTIDA\/REGRESO<\/strong><\/td>\n<td>Amatlan, Tepoztlan, Morelos.<\/td>\n<\/tr>\n<tr>\n<td><strong>HORA DE LLEGADA<\/strong><\/td>\n<td>La cita es a las 8:00 AM para salir a las 8:15 AM.<\/td>\n<\/tr>\n<tr>\n<td><strong>HORA DEL RETORNO<\/strong><\/td>\n<td>Aproximadamente a las 2:00 PM.<\/td>\n<\/tr>\n<tr>\n<td><strong>VESTIMENTA<\/strong><\/td>\n<td>Ropa atl\u00e9tica c\u00f3moda y tenis.<\/td>\n<\/tr>\n<tr>\n<td><strong>DIFICULTAD<\/strong><\/td>\n<td>Media.<\/td>\n<\/tr>\n<tr>\n<td><strong>INCLUYE<\/strong><\/td>\n<td>\n<table class=\"table table-bordered\" style=\"height: 62px;\" width=\"300\">\n<tbody>\n<tr>\n<td><i class=\"fa fa-check icon-tick icon-tick--on\"><\/i>Una experiencia inolvidable.<\/td>\n<td><i class=\"fa fa-check icon-tick icon-tick--on\"><\/i>Vista panor\u00e1mica<\/td>\n<\/tr>\n<tr>\n<td><i class=\"fa fa-check icon-tick icon-tick--on\"><\/i>Caminata al mirador Mixcoatl.<\/td>\n<td><i class=\"fa fa-check icon-tick icon-tick--on\"><\/i>Gu\u00edas y equipo profesional<\/td>\n<\/tr>\n<tr>\n<td><i class=\"fa fa-check icon-tick icon-tick--on\"><\/i>Transporte local, Agua y Snack<\/td>\n<td><i class=\"fa fa-check icon-tick icon-tick--on\"><\/i>Seguro M\u00e9dico<\/td>\n<\/tr>\n<\/tbody>\n<\/table>\n<\/td>\n<\/tr>\n<tr>\n<td><b>NO INCLUYE<\/b><\/td>\n<td>\n<table class=\"table table-bordered\" style=\"height: 62px;\" width=\"300\">\n<tbody>\n<tr>\n<td><i class=\"fa fa-times icon-tick icon-tick--off\"><\/i>Transporte desde el lugar de origen hacia el punto de reuni\u00f3n inicial<\/td>\n<\/tr>\n<tr>\n<td><i class=\"fa fa-times icon-tick icon-tick--off\"><\/i>Alimentos no mencionados<\/td>\n<\/tr>\n<\/tbody>\n<\/table>\n<\/td>\n<\/tr>\n<\/tbody>\n<\/table>\n","protected":false},"excerpt":{"rendered":"<p>Caminemos juntos rumbo a la poza sagrada de Quetzalcoatl.<\/p>\n","protected":false},"featured_media":1409,"comment_status":"open","ping_status":"closed","template":"","meta":[],"product_brand":[],"product_cat":[75],"product_tag":[],"class_list":{"0":"post-1404","1":"product","2":"type-product","3":"status-publish","4":"has-post-thumbnail","6":"product_cat-senderismo","7":"tour_category-senderismo","9":"first","10":"instock","11":"taxable","12":"shipping-taxable","13":"purchasable","14":"product-type-tour"},"jetpack_sharing_enabled":true,"_links":{"self":[{"href":"https:\/\/www.raftmexico.mx\/blog\/wp-json\/wp\/v2\/product\/1404","targetHints":{"allow":["GET"]}}],"collection":[{"href":"https:\/\/www.raftmexico.mx\/blog\/wp-json\/wp\/v2\/product"}],"about":[{"href":"https:\/\/www.raftmexico.mx\/blog\/wp-json\/wp\/v2\/types\/product"}],"replies":[{"embeddable":true,"href":"https:\/\/www.raftmexico.mx\/blog\/wp-json\/wp\/v2\/comments?post=1404"}],"wp:featuredmedia":[{"embeddable":true,"href":"https:\/\/www.raftmexico.mx\/blog\/wp-json\/wp\/v2\/media\/1409"}],"wp:attachment":[{"href":"https:\/\/www.raftmexico.mx\/blog\/wp-json\/wp\/v2\/media?parent=1404"}],"wp:term":[{"taxonomy":"product_brand","embeddable":true,"href":"https:\/\/www.raftmexico.mx\/blog\/wp-json\/wp\/v2\/product_brand?post=1404"},{"taxonomy":"product_cat","embeddable":true,"href":"https:\/\/www.raftmexico.mx\/blog\/wp-json\/wp\/v2\/product_cat?post=1404"},{"taxonomy":"product_tag","embeddable":true,"href":"https:\/\/www.raftmexico.mx\/blog\/wp-json\/wp\/v2\/product_tag?post=1404"}],"curies":[{"name":"wp","href":"https:\/\/api.w.org\/{rel}","templated":true}]}}