{"id":132,"date":"2015-07-11T10:51:49","date_gmt":"2015-07-11T10:51:49","guid":{"rendered":"http:\/\/adventure-tours.themedelight.com\/?post_type=product&#038;p=132"},"modified":"2025-07-29T23:50:26","modified_gmt":"2025-07-29T23:50:26","slug":"rafting-alto-amacuzac","status":"publish","type":"product","link":"https:\/\/www.raftmexico.mx\/blog\/tours\/rafting-alto-amacuzac\/","title":{"rendered":"Rafting Intermedio &#8211;  Alto Amacuzac"},"content":{"rendered":"<p>Disfruta de una aventura llena de naturaleza y diversi\u00f3n.<!--more--><\/p>\n<p>Comenzaremos nuestro d\u00eda reuni\u00e9ndonos con los gu\u00edas de Raft M\u00e9xico, en el punto de encuentro.en Tequesquitengo dejan sus autos y nos trasladamos en el transporte de Raft M\u00e9xico, la secci\u00f3n del alto Amacuzac se encuentra por la zona de grutas de Cacahuamilpa, en el municipio de Taxco, Guerrero, y nos toma alrededor de 1:30hrs llegar al lugar, una vez que lleguemos les colocamos el equipo de seguridad, un casco especial para actividades acu\u00e1ticas, un chaleco de alta flotaci\u00f3n y un remo.<\/p>\n<p>Una vez con todo el equipo nos subiremos a unas camionetas 4\u00d74 por unos 2 km. en este momento es cuando sentimos que la aventura inicia, la vegetaci\u00f3n selv\u00e1tica es sorprendente invit\u00e1ndonos a disfrutar de un gran d\u00eda, posteriormente caminamos un poco, llegando a la orilla les daremos una pl\u00e1tica de seguridad, una vez aclaradas todas las dudas, nos subiremos a nuestra balsa designada, realizaremos algunas pr\u00e1cticas para entender a un mejor c\u00f3mo se realiza la actividad. En el momento que estemos listos iniciamos el descenso, estaremos navegando inmediatamente r\u00e1pidos clase II y III, durante unas 2:30 \u2013 3 hrs dentro del r\u00edo, durante el recorrido tendremos la oportunidad de refrescarnos en el r\u00edo y observar la majestuosa vegetaci\u00f3n que este lugar tiene para ti, si llueve una noche antes se forma una cascada a orilla del r\u00edo muy bonita y podemos detenernos un momento, sacar unas fotos incre\u00edbles y seguir el descenso. A la mitad del recorrido nos recargamos de energ\u00eda y al finalizar el recorrido la transportaci\u00f3n nos estar\u00e1 esperando, con un hidrataci\u00f3n y este tambi\u00e9n ser\u00e1 un buen momento para compartir la aventura, con los dem\u00e1s tripulantes aventureros.<\/p>\n<p>Ideal para familias que quieran vivir una experiencia de aventura sin tantos riesgos pero que tenga diversi\u00f3n.<\/p>\n<table class=\"table table-bordered tours-tabs__table\" style=\"height: 233px;\" width=\"862\">\n<tbody>\n<tr>\n<td><strong>GRUPO M\u00cdNIMO<\/strong><\/td>\n<td>4 Personas.<\/td>\n<\/tr>\n<tr>\n<td><strong>LOCACI\u00d3N DE PARTIDA\/REGRESO<\/strong><\/td>\n<td>Tequesquitengo, Morelos.<\/td>\n<\/tr>\n<tr>\n<td><strong>HORA DE LLEGADA<\/strong><\/td>\n<td>La cita es a las 8:45 AM para salir a las 9:00 AM.<\/td>\n<\/tr>\n<tr>\n<td><strong>HORA DEL RETORNO<\/strong><\/td>\n<td>Aproximadamente a las 2:30 PM.<\/td>\n<\/tr>\n<tr>\n<td><strong>VESTIMENTA<\/strong><\/td>\n<td>Ropa atl\u00e9tica c\u00f3moda y tenis.<\/td>\n<\/tr>\n<tr>\n<td><strong>DIFICULTAD<\/strong><\/td>\n<td>Media.<\/td>\n<\/tr>\n<tr>\n<td><strong>INCLUYE<\/strong><\/td>\n<td>\n<table class=\"table table-bordered\" style=\"height: 62px;\" width=\"300\">\n<tbody>\n<tr>\n<td><i class=\"fa fa-check icon-tick icon-tick--on\"><\/i>Equipo de gu\u00edas profesionales<\/td>\n<td><i class=\"fa fa-check icon-tick icon-tick--on\"><\/i>Rafting<\/td>\n<\/tr>\n<tr>\n<td><i class=\"fa fa-check icon-tick icon-tick--on\"><\/i>Transporte Local<\/td>\n<td><i class=\"fa fa-check icon-tick icon-tick--on\"><\/i>Regaderas y Sanitarios<\/td>\n<\/tr>\n<tr>\n<td><i class=\"fa fa-check icon-tick icon-tick--on\"><\/i>Agua y snack<\/td>\n<td><i class=\"fa fa-check icon-tick icon-tick--on\"><\/i>Seguro M\u00e9dico<\/td>\n<\/tr>\n<\/tbody>\n<\/table>\n<\/td>\n<\/tr>\n<tr>\n<td><b>NO INCLUYE<\/b><\/td>\n<td>\n<table class=\"table table-bordered\" style=\"height: 62px;\" width=\"300\">\n<tbody>\n<tr>\n<td><i class=\"fa fa-times icon-tick icon-tick--off\"><\/i>Transporte desde el lugar de origen hacia el punto de reuni\u00f3n inicial<\/td>\n<\/tr>\n<tr>\n<td><i class=\"fa fa-times icon-tick icon-tick--off\"><\/i>Alimentos no mencionados<\/td>\n<\/tr>\n<\/tbody>\n<\/table>\n<\/td>\n<\/tr>\n<\/tbody>\n<\/table>\n<p>Disfruta de un descenso por el r\u00edo con paisajes incre\u00edbles, diversi\u00f3n pero con un riesgo bajo.<\/p>\n","protected":false},"excerpt":{"rendered":"<p>Disfruta de una aventura llena de naturaleza y diversi\u00f3n.<\/p>\n","protected":false},"featured_media":1596,"comment_status":"open","ping_status":"closed","template":"","meta":[],"product_brand":[],"product_cat":[63,64,61,60,62],"product_tag":[],"class_list":{"0":"post-132","1":"product","2":"type-product","3":"status-publish","4":"has-post-thumbnail","6":"product_cat-balsa","7":"product_cat-kayak","8":"product_cat-raft","9":"product_cat-rafting","10":"product_cat-rio","11":"tour_category-rafting","13":"first","14":"instock","15":"taxable","16":"shipping-taxable","17":"purchasable","18":"product-type-tour"},"jetpack_sharing_enabled":true,"_links":{"self":[{"href":"https:\/\/www.raftmexico.mx\/blog\/wp-json\/wp\/v2\/product\/132","targetHints":{"allow":["GET"]}}],"collection":[{"href":"https:\/\/www.raftmexico.mx\/blog\/wp-json\/wp\/v2\/product"}],"about":[{"href":"https:\/\/www.raftmexico.mx\/blog\/wp-json\/wp\/v2\/types\/product"}],"replies":[{"embeddable":true,"href":"https:\/\/www.raftmexico.mx\/blog\/wp-json\/wp\/v2\/comments?post=132"}],"wp:featuredmedia":[{"embeddable":true,"href":"https:\/\/www.raftmexico.mx\/blog\/wp-json\/wp\/v2\/media\/1596"}],"wp:attachment":[{"href":"https:\/\/www.raftmexico.mx\/blog\/wp-json\/wp\/v2\/media?parent=132"}],"wp:term":[{"taxonomy":"product_brand","embeddable":true,"href":"https:\/\/www.raftmexico.mx\/blog\/wp-json\/wp\/v2\/product_brand?post=132"},{"taxonomy":"product_cat","embeddable":true,"href":"https:\/\/www.raftmexico.mx\/blog\/wp-json\/wp\/v2\/product_cat?post=132"},{"taxonomy":"product_tag","embeddable":true,"href":"https:\/\/www.raftmexico.mx\/blog\/wp-json\/wp\/v2\/product_tag?post=132"}],"curies":[{"name":"wp","href":"https:\/\/api.w.org\/{rel}","templated":true}]}}