{"id":1315,"date":"2022-09-06T23:27:21","date_gmt":"2022-09-06T23:27:21","guid":{"rendered":"http:\/\/www.raftmexico.mx\/blog\/?post_type=product&#038;p=1315"},"modified":"2025-06-02T04:22:37","modified_gmt":"2025-06-02T04:22:37","slug":"team-building-rafting-trabajo-en-equipo-en-mexico","status":"publish","type":"product","link":"https:\/\/www.raftmexico.mx\/blog\/tours\/team-building-rafting-trabajo-en-equipo-en-mexico\/","title":{"rendered":"Team building Rafting &#8211; Trabajo en Equipo en M\u00e9xico"},"content":{"rendered":"<p>Mejora el trabajo en equipo a trav\u00e9s del Rafting.<!--more--><\/p>\n<p>Nuestros programas empresariales buscan cumplir los objetivos de nuestros contratistas, para generar valores que ayudar\u00e1n al desempe\u00f1o de los grupos, algunos de los objetivos que trabajamos son liderazgo, trabajo en equipo, toma de decisiones, autoorganizaci\u00f3n y muchos m\u00e1s, cuando Raft M\u00e9xico habla de programas empresariales lo hacemos de una manera seria con din\u00e1micas divertidas que generan experiencias que recordar\u00e1n por toda la vida.<\/p>\n<p>Esta actividad facilita el trabajo en equipo, la comunicaci\u00f3n y confianza ya que el \u00e9xito de la navegaci\u00f3n en un r\u00e1pido depende de la tripulaci\u00f3n.<\/p>\n<table class=\"table table-bordered tours-tabs__table\" style=\"height: 233px;\" width=\"862\">\n<tbody>\n<tr>\n<td><strong>GRUPO M\u00cdNIMO<\/strong><\/td>\n<td>4 Personas.<\/td>\n<\/tr>\n<tr>\n<td><strong>LOCACI\u00d3N DE PARTIDA\/REGRESO<\/strong><\/td>\n<td>Tequesquitengo, Morelos.<\/td>\n<\/tr>\n<tr>\n<td><strong>HORA DE LLEGADA<\/strong><\/td>\n<td>La cita es a las 8:45 AM para salir a las 9:00 AM.<\/td>\n<\/tr>\n<tr>\n<td><strong>HORA DEL RETORNO<\/strong><\/td>\n<td>Aproximadamente a las 2:30 PM.<\/td>\n<\/tr>\n<tr>\n<td><strong>VESTIMENTA<\/strong><\/td>\n<td>Ropa atl\u00e9tica c\u00f3moda y tenis.<\/td>\n<\/tr>\n<tr>\n<td><strong>DIFICULTAD<\/strong><\/td>\n<td>Media.<\/td>\n<\/tr>\n<tr>\n<td><strong>INCLUYE<\/strong><\/td>\n<td>\n<table class=\"table table-bordered\" style=\"height: 62px;\" width=\"300\">\n<tbody>\n<tr>\n<td><i class=\"fa fa-check icon-tick icon-tick--on\"><\/i>Equipo de gu\u00edas profesionales<\/td>\n<td><i class=\"fa fa-check icon-tick icon-tick--on\"><\/i>Rafting en rio salvaje<\/td>\n<\/tr>\n<tr>\n<td><i class=\"fa fa-check icon-tick icon-tick--on\"><\/i>Transporte Local<\/td>\n<td><i class=\"fa fa-check icon-tick icon-tick--on\"><\/i>Regaderas y Sanitarios<\/td>\n<\/tr>\n<tr>\n<td><i class=\"fa fa-check icon-tick icon-tick--on\"><\/i>Agua y snack<\/td>\n<td><i class=\"fa fa-check icon-tick icon-tick--on\"><\/i>Seguro M\u00e9dico<\/td>\n<\/tr>\n<\/tbody>\n<\/table>\n<\/td>\n<\/tr>\n<tr>\n<td><b>NO INCLUYE<\/b><\/td>\n<td>\n<table class=\"table table-bordered\" style=\"height: 62px;\" width=\"300\">\n<tbody>\n<tr>\n<td><i class=\"fa fa-times icon-tick icon-tick--off\"><\/i>Transporte desde el lugar de origen hacia el punto de reuni\u00f3n inicial<\/td>\n<\/tr>\n<tr>\n<td><i class=\"fa fa-times icon-tick icon-tick--off\"><\/i>Alimentos no mencionados<\/td>\n<\/tr>\n<\/tbody>\n<\/table>\n<\/td>\n<\/tr>\n<\/tbody>\n<\/table>\n<p>Disfruta de un descenso por el r\u00edo bajo Amacuzac con r\u00e1pidos nivel III y IV especialmente dise\u00f1ado para aventureros y aficionados a la adrenalina.<\/p>\n","protected":false},"excerpt":{"rendered":"<p>Mejora el trabajo en equipo a trav\u00e9s del Rafting.<\/p>\n","protected":false},"featured_media":1493,"comment_status":"open","ping_status":"closed","template":"","meta":[],"product_brand":[],"product_cat":[63,64,61,60,62],"product_tag":[],"class_list":{"0":"post-1315","1":"product","2":"type-product","3":"status-publish","4":"has-post-thumbnail","6":"product_cat-balsa","7":"product_cat-kayak","8":"product_cat-raft","9":"product_cat-rafting","10":"product_cat-rio","11":"tour_category-team-building","13":"first","14":"instock","15":"sale","16":"taxable","17":"shipping-taxable","18":"purchasable","19":"product-type-tour"},"jetpack_sharing_enabled":true,"_links":{"self":[{"href":"https:\/\/www.raftmexico.mx\/blog\/wp-json\/wp\/v2\/product\/1315","targetHints":{"allow":["GET"]}}],"collection":[{"href":"https:\/\/www.raftmexico.mx\/blog\/wp-json\/wp\/v2\/product"}],"about":[{"href":"https:\/\/www.raftmexico.mx\/blog\/wp-json\/wp\/v2\/types\/product"}],"replies":[{"embeddable":true,"href":"https:\/\/www.raftmexico.mx\/blog\/wp-json\/wp\/v2\/comments?post=1315"}],"wp:featuredmedia":[{"embeddable":true,"href":"https:\/\/www.raftmexico.mx\/blog\/wp-json\/wp\/v2\/media\/1493"}],"wp:attachment":[{"href":"https:\/\/www.raftmexico.mx\/blog\/wp-json\/wp\/v2\/media?parent=1315"}],"wp:term":[{"taxonomy":"product_brand","embeddable":true,"href":"https:\/\/www.raftmexico.mx\/blog\/wp-json\/wp\/v2\/product_brand?post=1315"},{"taxonomy":"product_cat","embeddable":true,"href":"https:\/\/www.raftmexico.mx\/blog\/wp-json\/wp\/v2\/product_cat?post=1315"},{"taxonomy":"product_tag","embeddable":true,"href":"https:\/\/www.raftmexico.mx\/blog\/wp-json\/wp\/v2\/product_tag?post=1315"}],"curies":[{"name":"wp","href":"https:\/\/api.w.org\/{rel}","templated":true}]}}