{"id":1305,"date":"2022-09-06T19:04:43","date_gmt":"2022-09-06T19:04:43","guid":{"rendered":"http:\/\/www.raftmexico.mx\/blog\/?post_type=product&#038;p=1305"},"modified":"2025-06-02T04:29:03","modified_gmt":"2025-06-02T04:29:03","slug":"clases-curso-de-kayak-intermedio","status":"publish","type":"product","link":"https:\/\/www.raftmexico.mx\/blog\/tours\/clases-curso-de-kayak-intermedio\/","title":{"rendered":"Clase de Kayak &#8211; Intermedio"},"content":{"rendered":"<p>Clases de Kayak para Intermedio.<!--more--><\/p>\n<p>Esta clase est\u00e1 dise\u00f1ada para aquellos que han tenido alguna experiencia en aguas blancas o ya terminaron la fase de principiante en el r\u00edo. Ustedes armar\u00e1n todas las piezas del rompecabezas. El objetivo es fortalecer todas las habilidades que aprendiste tanto en agua plana como el primer d\u00eda en el r\u00edo. Dependiendo de la din\u00e1mica del grupo y la capacidad, es de esperar que el surf se introduzca.<\/p>\n<p>Debes de contar con un roll solido en agua plana y en corrientes de r\u00e1pidos clase II, al igual se recomienda contar con algo de equipo personal.<\/p>\n<table class=\"table table-bordered tours-tabs__table\" style=\"height: 233px;\" width=\"862\">\n<tbody>\n<tr>\n<td><strong>LOCACI\u00d3N DE PARTIDA\/REGRESO<\/strong><\/td>\n<td>Tequesquitengo, Morelos.<\/td>\n<\/tr>\n<tr>\n<td><strong>HORA DE LLEGADA<\/strong><\/td>\n<td>La hora es acordada con el cliente.<\/td>\n<\/tr>\n<tr>\n<td><strong>DURACI\u00d3N<\/strong><\/td>\n<td>6 Horas Aprox.<\/td>\n<\/tr>\n<tr>\n<td><strong>VESTIMENTA<\/strong><\/td>\n<td>Ropa atl\u00e9tica c\u00f3moda y tenis.<\/td>\n<\/tr>\n<tr>\n<td><strong>DIFICULTAD<\/strong><\/td>\n<td>Baja.<\/td>\n<\/tr>\n<tr>\n<td><strong>INCLUYE<\/strong><\/td>\n<td>\n<table class=\"table table-bordered\" style=\"height: 62px;\" width=\"300\">\n<tbody>\n<tr>\n<td><i class=\"fa fa-check icon-tick icon-tick--on\"><\/i>Gu\u00eda profesional<\/td>\n<td><i class=\"fa fa-check icon-tick icon-tick--on\"><\/i>Pr\u00e9stamos de Equipo<\/td>\n<\/tr>\n<tr>\n<td><i class=\"fa fa-check icon-tick icon-tick--on\"><\/i>Transporte Local<\/td>\n<td><i class=\"fa fa-check icon-tick icon-tick--on\"><\/i>Regaderas y Sanitarios<\/td>\n<\/tr>\n<tr>\n<td><\/td>\n<td><\/td>\n<\/tr>\n<\/tbody>\n<\/table>\n<\/td>\n<\/tr>\n<tr>\n<td><b>NO INCLUYE<\/b><\/td>\n<td>\n<table class=\"table table-bordered\" style=\"height: 62px;\" width=\"300\">\n<tbody>\n<tr>\n<td><i class=\"fa fa-times icon-tick icon-tick--off\"><\/i>Transporte desde el lugar de origen hacia el punto de reuni\u00f3n inicial<\/td>\n<\/tr>\n<tr>\n<td><i class=\"fa fa-times icon-tick icon-tick--off\"><\/i>Alimentos no mencionados<\/td>\n<\/tr>\n<\/tbody>\n<\/table>\n<\/td>\n<\/tr>\n<\/tbody>\n<\/table>\n","protected":false},"excerpt":{"rendered":"<p>Clases de Kayak para Intermedio.<\/p>\n","protected":false},"featured_media":1515,"comment_status":"open","ping_status":"closed","template":"","meta":[],"product_brand":[],"product_cat":[64,60,62],"product_tag":[],"class_list":{"0":"post-1305","1":"product","2":"type-product","3":"status-publish","4":"has-post-thumbnail","6":"product_cat-kayak","7":"product_cat-rafting","8":"product_cat-rio","9":"tour_category-kayak","11":"first","12":"instock","13":"taxable","14":"shipping-taxable","15":"purchasable","16":"product-type-tour"},"jetpack_sharing_enabled":true,"_links":{"self":[{"href":"https:\/\/www.raftmexico.mx\/blog\/wp-json\/wp\/v2\/product\/1305","targetHints":{"allow":["GET"]}}],"collection":[{"href":"https:\/\/www.raftmexico.mx\/blog\/wp-json\/wp\/v2\/product"}],"about":[{"href":"https:\/\/www.raftmexico.mx\/blog\/wp-json\/wp\/v2\/types\/product"}],"replies":[{"embeddable":true,"href":"https:\/\/www.raftmexico.mx\/blog\/wp-json\/wp\/v2\/comments?post=1305"}],"wp:featuredmedia":[{"embeddable":true,"href":"https:\/\/www.raftmexico.mx\/blog\/wp-json\/wp\/v2\/media\/1515"}],"wp:attachment":[{"href":"https:\/\/www.raftmexico.mx\/blog\/wp-json\/wp\/v2\/media?parent=1305"}],"wp:term":[{"taxonomy":"product_brand","embeddable":true,"href":"https:\/\/www.raftmexico.mx\/blog\/wp-json\/wp\/v2\/product_brand?post=1305"},{"taxonomy":"product_cat","embeddable":true,"href":"https:\/\/www.raftmexico.mx\/blog\/wp-json\/wp\/v2\/product_cat?post=1305"},{"taxonomy":"product_tag","embeddable":true,"href":"https:\/\/www.raftmexico.mx\/blog\/wp-json\/wp\/v2\/product_tag?post=1305"}],"curies":[{"name":"wp","href":"https:\/\/api.w.org\/{rel}","templated":true}]}}