{"id":1297,"date":"2022-09-06T17:25:40","date_gmt":"2022-09-06T17:25:40","guid":{"rendered":"http:\/\/www.raftmexico.mx\/blog\/?post_type=product&#038;p=1297"},"modified":"2024-09-04T17:24:39","modified_gmt":"2024-09-04T17:24:39","slug":"clases-curso-de-kayak-amateur","status":"publish","type":"product","link":"https:\/\/www.raftmexico.mx\/blog\/tours\/clases-curso-de-kayak-amateur\/","title":{"rendered":"Clase de Kayak &#8211; Principiante"},"content":{"rendered":"<p>Clase de Kayak para Principiantes.<!--more--><\/p>\n<p align=\"center\">El kayak en aguas bravas es un deporte din\u00e1mico y de ritmo r\u00e1pido en el que los remadores utilizan las corrientes y caracter\u00edsticas del r\u00edo para navegar r\u00edo abajo . Surfear olas, entrar y salir de remolinos, zigzaguear a trav\u00e9s de las corrientes y jugar en corrientes conocidas como hidr\u00e1ulicos que se encuentran entre las actividades favoritas de los kayakistas de aguas bravas .<\/p>\n<p>\u00a0En este deporte se vive la adrenalina al 100%, por eso te invitamos a tomar clases impartidos por profesionales donde obtendr\u00e1s los conocimientos y habilidades necesarias para asegurar la mayor diversi\u00f3n y seguridad en tus descensos. Al finalizar las clase comprender\u00e1s mejor el funcionamiento del kayak, conocer\u00e1s algunas t\u00e9cnicas b\u00e1sicas de remada, y seguridad.<\/p>\n<table class=\"table table-bordered tours-tabs__table\" style=\"height: 233px;\" width=\"862\">\n<tbody>\n<tr>\n<td><strong>LOCACI\u00d3N DE PARTIDA\/REGRESO<\/strong><\/td>\n<td>Tequesquitengo, Morelos.<\/td>\n<\/tr>\n<tr>\n<td><strong>HORA DE LLEGADA<\/strong><\/td>\n<td>La hora es acordada con el cliente.<\/td>\n<\/tr>\n<tr>\n<td><strong>DURACI\u00d3N<\/strong><\/td>\n<td>6 Horas Aprox.<\/td>\n<\/tr>\n<tr>\n<td><strong>VESTIMENTA<\/strong><\/td>\n<td>Ropa atl\u00e9tica c\u00f3moda y tenis.<\/td>\n<\/tr>\n<tr>\n<td><strong>DIFICULTAD<\/strong><\/td>\n<td>Baja.<\/td>\n<\/tr>\n<tr>\n<td><strong>INCLUYE<\/strong><\/td>\n<td>\n<table class=\"table table-bordered\" style=\"height: 62px;\" width=\"300\">\n<tbody>\n<tr>\n<td><i class=\"fa fa-check icon-tick icon-tick--on\"><\/i>Instructor profesional<\/td>\n<td><i class=\"fa fa-check icon-tick icon-tick--on\"><\/i>Renta de Equipo<\/td>\n<\/tr>\n<tr>\n<td><i class=\"fa fa-check icon-tick icon-tick--on\"><\/i>Transporte Local<\/td>\n<td><i class=\"fa fa-check icon-tick icon-tick--on\"><\/i>Regaderas y Sanitarios<\/td>\n<\/tr>\n<tr>\n<td><\/td>\n<td><\/td>\n<\/tr>\n<\/tbody>\n<\/table>\n<\/td>\n<\/tr>\n<tr>\n<td><b>NO INCLUYE<\/b><\/td>\n<td>\n<table class=\"table table-bordered\" style=\"height: 62px;\" width=\"300\">\n<tbody>\n<tr>\n<td><i class=\"fa fa-times icon-tick icon-tick--off\"><\/i>Transporte desde el lugar de origen hacia el punto de reuni\u00f3n inicial<\/td>\n<\/tr>\n<tr>\n<td><i class=\"fa fa-times icon-tick icon-tick--off\"><\/i>Alimentos no mencionados<\/td>\n<\/tr>\n<\/tbody>\n<\/table>\n<\/td>\n<\/tr>\n<\/tbody>\n<\/table>\n<p>Tarifa Clase privada $1200<\/p>\n<p>Tarifa por persona, Clase grupal mas de 3 personas $970<!--more--><\/p>\n","protected":false},"excerpt":{"rendered":"<p>Clase de Kayak para Principiantes.<\/p>\n","protected":false},"featured_media":1513,"comment_status":"open","ping_status":"closed","template":"","meta":[],"product_brand":[],"product_cat":[64,60,62],"product_tag":[],"class_list":{"0":"post-1297","1":"product","2":"type-product","3":"status-publish","4":"has-post-thumbnail","6":"product_cat-kayak","7":"product_cat-rafting","8":"product_cat-rio","9":"tour_category-kayak","11":"first","12":"instock","13":"sale","14":"taxable","15":"shipping-taxable","16":"purchasable","17":"product-type-tour"},"jetpack_sharing_enabled":true,"_links":{"self":[{"href":"https:\/\/www.raftmexico.mx\/blog\/wp-json\/wp\/v2\/product\/1297","targetHints":{"allow":["GET"]}}],"collection":[{"href":"https:\/\/www.raftmexico.mx\/blog\/wp-json\/wp\/v2\/product"}],"about":[{"href":"https:\/\/www.raftmexico.mx\/blog\/wp-json\/wp\/v2\/types\/product"}],"replies":[{"embeddable":true,"href":"https:\/\/www.raftmexico.mx\/blog\/wp-json\/wp\/v2\/comments?post=1297"}],"wp:featuredmedia":[{"embeddable":true,"href":"https:\/\/www.raftmexico.mx\/blog\/wp-json\/wp\/v2\/media\/1513"}],"wp:attachment":[{"href":"https:\/\/www.raftmexico.mx\/blog\/wp-json\/wp\/v2\/media?parent=1297"}],"wp:term":[{"taxonomy":"product_brand","embeddable":true,"href":"https:\/\/www.raftmexico.mx\/blog\/wp-json\/wp\/v2\/product_brand?post=1297"},{"taxonomy":"product_cat","embeddable":true,"href":"https:\/\/www.raftmexico.mx\/blog\/wp-json\/wp\/v2\/product_cat?post=1297"},{"taxonomy":"product_tag","embeddable":true,"href":"https:\/\/www.raftmexico.mx\/blog\/wp-json\/wp\/v2\/product_tag?post=1297"}],"curies":[{"name":"wp","href":"https:\/\/api.w.org\/{rel}","templated":true}]}}