{"id":1276,"date":"2022-09-04T20:12:59","date_gmt":"2022-09-04T20:12:59","guid":{"rendered":"http:\/\/www.raftmexico.mx\/blog\/?post_type=product&#038;p=1276"},"modified":"2025-07-30T00:09:33","modified_gmt":"2025-07-30T00:09:33","slug":"canonismo-mil-cascadas-morelos","status":"publish","type":"product","link":"https:\/\/www.raftmexico.mx\/blog\/tours\/canonismo-mil-cascadas-morelos\/","title":{"rendered":"Ca\u00f1onismo Mil Cascadas &#8211; Morelos"},"content":{"rendered":"<p>Disfruta un descenso en los diferentes ca\u00f1ones de Mil Cascadas.<!--more--><\/p>\n<p>Te invitamos a realizar esta actividad que es muy popular en Europa y empieza a tomar auge en nuestro pa\u00eds.<br \/>\nSe trata de descender por ca\u00f1ones usando t\u00e9cnicas de escalada como rappel, saltos a pozas de diferentes alturas, avanzar por r\u00edos con mucho desnivel donde encontramos cascadas, sifones, pozas de aguas cristalinas etc.<\/p>\n<p>Esta actividad es sin duda una de las m\u00e1s divertidas y adem\u00e1s apta para toda la familia.<\/p>\n<table class=\"table table-bordered tours-tabs__table\" style=\"height: 233px;\" width=\"862\">\n<tbody>\n<tr>\n<td><strong>GRUPO M\u00cdNIMO<\/strong><\/td>\n<td>4 Personas.<\/td>\n<\/tr>\n<tr>\n<td><strong>LOCACI\u00d3N DE PARTIDA\/REGRESO<\/strong><\/td>\n<td>Tequesquitengo, Morelos.<\/td>\n<\/tr>\n<tr>\n<td><strong>HORA DE LLEGADA<\/strong><\/td>\n<td>La cita es a las 7:45 AM para salir a las 8:00 AM.<\/td>\n<\/tr>\n<tr>\n<td><strong>HORA DEL RETORNO<\/strong><\/td>\n<td>Aproximadamente a las 6:30 PM.<\/td>\n<\/tr>\n<tr>\n<td><strong>VESTIMENTA<\/strong><\/td>\n<td>Ropa atl\u00e9tica c\u00f3moda y tenis.<\/td>\n<\/tr>\n<tr>\n<td><strong>DIFICULTAD<\/strong><\/td>\n<td>Media.<\/td>\n<\/tr>\n<tr>\n<td><strong>INCLUYE<\/strong><\/td>\n<td>\n<table class=\"table table-bordered\" style=\"height: 62px;\" width=\"300\">\n<tbody>\n<tr>\n<td><i class=\"fa fa-check icon-tick icon-tick--on\"><\/i>Equipo de Rappel<\/td>\n<td><i class=\"fa fa-check icon-tick icon-tick--on\"><\/i>R\u00e1pel de 35 metros<\/td>\n<\/tr>\n<tr>\n<td><i class=\"fa fa-check icon-tick icon-tick--on\"><\/i>Caminata y salto en cascadas<\/td>\n<td><i class=\"fa fa-check icon-tick icon-tick--on\"><\/i>Gu\u00edas y equipo profesional<\/td>\n<\/tr>\n<tr>\n<td><i class=\"fa fa-check icon-tick icon-tick--on\"><\/i>Transporte local, Agua y snack<\/td>\n<td><i class=\"fa fa-check icon-tick icon-tick--on\"><\/i>Seguro M\u00e9dico<\/td>\n<\/tr>\n<\/tbody>\n<\/table>\n<\/td>\n<\/tr>\n<tr>\n<td><b>NO INCLUYE<\/b><\/td>\n<td>\n<table class=\"table table-bordered\" style=\"height: 62px;\" width=\"300\">\n<tbody>\n<tr>\n<td><i class=\"fa fa-times icon-tick icon-tick--off\"><\/i>Transporte desde el lugar de origen hacia el punto de reuni\u00f3n inicial<\/td>\n<\/tr>\n<tr>\n<td><i class=\"fa fa-times icon-tick icon-tick--off\"><\/i>Alimentos no mencionados<\/td>\n<\/tr>\n<\/tbody>\n<\/table>\n<\/td>\n<\/tr>\n<\/tbody>\n<\/table>\n","protected":false},"excerpt":{"rendered":"<p>Disfruta un descenso en los diferentes ca\u00f1ones de Mil Cascadas.<\/p>\n","protected":false},"featured_media":1278,"comment_status":"open","ping_status":"closed","template":"","meta":[],"product_brand":[],"product_cat":[76,73,77,74],"product_tag":[],"class_list":{"0":"post-1276","1":"product","2":"type-product","3":"status-publish","4":"has-post-thumbnail","6":"product_cat-canonismo","7":"product_cat-rappel","8":"product_cat-cascada","9":"product_cat-rapel","10":"tour_category-canonismo","11":"tour_category-rapel","13":"first","14":"instock","15":"taxable","16":"shipping-taxable","17":"purchasable","18":"product-type-tour"},"jetpack_sharing_enabled":true,"_links":{"self":[{"href":"https:\/\/www.raftmexico.mx\/blog\/wp-json\/wp\/v2\/product\/1276","targetHints":{"allow":["GET"]}}],"collection":[{"href":"https:\/\/www.raftmexico.mx\/blog\/wp-json\/wp\/v2\/product"}],"about":[{"href":"https:\/\/www.raftmexico.mx\/blog\/wp-json\/wp\/v2\/types\/product"}],"replies":[{"embeddable":true,"href":"https:\/\/www.raftmexico.mx\/blog\/wp-json\/wp\/v2\/comments?post=1276"}],"wp:featuredmedia":[{"embeddable":true,"href":"https:\/\/www.raftmexico.mx\/blog\/wp-json\/wp\/v2\/media\/1278"}],"wp:attachment":[{"href":"https:\/\/www.raftmexico.mx\/blog\/wp-json\/wp\/v2\/media?parent=1276"}],"wp:term":[{"taxonomy":"product_brand","embeddable":true,"href":"https:\/\/www.raftmexico.mx\/blog\/wp-json\/wp\/v2\/product_brand?post=1276"},{"taxonomy":"product_cat","embeddable":true,"href":"https:\/\/www.raftmexico.mx\/blog\/wp-json\/wp\/v2\/product_cat?post=1276"},{"taxonomy":"product_tag","embeddable":true,"href":"https:\/\/www.raftmexico.mx\/blog\/wp-json\/wp\/v2\/product_tag?post=1276"}],"curies":[{"name":"wp","href":"https:\/\/api.w.org\/{rel}","templated":true}]}}