{"id":1258,"date":"2022-09-03T18:45:01","date_gmt":"2022-09-03T18:45:01","guid":{"rendered":"http:\/\/www.raftmexico.mx\/blog\/?post_type=product&#038;p=1258"},"modified":"2025-07-30T02:00:54","modified_gmt":"2025-07-30T02:00:54","slug":"rafting-bajo-amacuzac-tequesquitengo","status":"publish","type":"product","link":"https:\/\/www.raftmexico.mx\/blog\/tours\/rafting-bajo-amacuzac-tequesquitengo\/","title":{"rendered":"Rafting Extremo  &#8211; Secci\u00f3n Bajo Amacuzac"},"content":{"rendered":"<p>Disfruta de un descenso lleno de adrenalina, naturaleza y diversi\u00f3n.<br \/>\n<!--more--><\/p>\n<div>\n<p>Comenzaremos nuestro d\u00eda reuni\u00e9ndonos con los gu\u00edas de Raft M\u00e9xico, en el punto de encuentro y nos trasladaremos a la zona de actividad. Una vez en el poblado de R\u00edo Seco, en Tehuixtla es donde comenzaremos el descenso, nos colocamos el equipo de seguridad, les damos una pl\u00e1tica de seguridad, donde se explicar\u00e1 de manera detallada c\u00f3mo realizar la actividad, una vez aclarada cualquier duda, abordaremos las balsas y comenzaremos nuestra aventura.<\/p>\n<p>Estaremos navegando inmediatamente r\u00e1pidos clase I, II y III, de Diciembre a Marzo y r\u00e1pidos clase\u00a0 I, II, III y IV de Julio a Noviembre durante el recorrido tendremos la oportunidad de refrescarnos en el r\u00edo y observar la majestuosa vegetaci\u00f3n que este lugar tiene para ti. A la mitad del recorrido nos recargamos de energ\u00eda y al finalizar la actividad el transporte de Raft M\u00e9xico nos estar\u00e1 esperando y este tambi\u00e9n ser\u00e1 un buen momento para compartir las vivencias con los dem\u00e1s tripulantes aventureros.<\/p>\n<\/div>\n<div><\/div>\n<table class=\"table table-bordered tours-tabs__table\" style=\"height: 233px;\" width=\"862\">\n<tbody>\n<tr>\n<td><strong>GRUPO M\u00cdNIMO<\/strong><\/td>\n<td>4 Personas.<\/td>\n<\/tr>\n<tr>\n<td><strong>LOCACI\u00d3N DE PARTIDA\/REGRESO<\/strong><\/td>\n<td>Tequesquitengo, Morelos.<\/td>\n<\/tr>\n<tr>\n<td><strong>HORA DE LLEGADA<\/strong><\/td>\n<td>La cita es a las 09:30 AM.<\/td>\n<\/tr>\n<tr>\n<td><strong>HORA DEL RETORNO<\/strong><\/td>\n<td>Aproximadamente a las 2:00 PM.<\/td>\n<\/tr>\n<tr>\n<td><strong>VESTIMENTA<\/strong><\/td>\n<td>Ropa atl\u00e9tica c\u00f3moda y tenis.<\/td>\n<\/tr>\n<tr>\n<td><strong>DIFICULTAD<\/strong><\/td>\n<td>Media.<\/td>\n<\/tr>\n<tr>\n<td><strong>INCLUYE<\/strong><\/td>\n<td>\n<table class=\"table table-bordered\" style=\"height: 62px;\" width=\"300\">\n<tbody>\n<tr>\n<td><i class=\"fa fa-check icon-tick icon-tick--on\"><\/i>Equipo de gu\u00edas profesionales<\/td>\n<td><i class=\"fa fa-check icon-tick icon-tick--on\"><\/i>Rafting en rio salvaje<\/td>\n<\/tr>\n<tr>\n<td><i class=\"fa fa-check icon-tick icon-tick--on\"><\/i>Transporte Local<\/td>\n<td><i class=\"fa fa-check icon-tick icon-tick--on\"><\/i>Regaderas y Sanitarios<\/td>\n<\/tr>\n<tr>\n<td><i class=\"fa fa-check icon-tick icon-tick--on\"><\/i>Agua y snack<\/td>\n<td><i class=\"fa fa-check icon-tick icon-tick--on\"><\/i>Seguro M\u00e9dico<\/td>\n<\/tr>\n<\/tbody>\n<\/table>\n<\/td>\n<\/tr>\n<tr>\n<td><b>NO INCLUYE<\/b><\/td>\n<td>\n<table class=\"table table-bordered\" style=\"height: 62px;\" width=\"300\">\n<tbody>\n<tr>\n<td><i class=\"fa fa-times icon-tick icon-tick--off\"><\/i>Transporte desde el lugar de origen hacia el punto de reuni\u00f3n inicial<\/td>\n<\/tr>\n<tr>\n<td><i class=\"fa fa-times icon-tick icon-tick--off\"><\/i>Alimentos no mencionados<\/td>\n<\/tr>\n<\/tbody>\n<\/table>\n<\/td>\n<\/tr>\n<\/tbody>\n<\/table>\n<p>Disfruta de un descenso por el r\u00edo bajo Amacuzac con r\u00e1pidos nivel III y IV especialmente dise\u00f1ado para aventureros y aficionados a la adrenalina.<\/p>\n","protected":false},"excerpt":{"rendered":"<p>De Lunes a Jueves 15 % de descuento<\/p>\n","protected":false},"featured_media":1641,"comment_status":"open","ping_status":"closed","template":"","meta":[],"product_brand":[],"product_cat":[63,64,61,60,62],"product_tag":[],"class_list":{"0":"post-1258","1":"product","2":"type-product","3":"status-publish","4":"has-post-thumbnail","6":"product_cat-balsa","7":"product_cat-kayak","8":"product_cat-raft","9":"product_cat-rafting","10":"product_cat-rio","11":"tour_category-rafting","12":"tour_category-team-building","14":"first","15":"instock","16":"taxable","17":"shipping-taxable","18":"purchasable","19":"product-type-tour"},"jetpack_sharing_enabled":true,"_links":{"self":[{"href":"https:\/\/www.raftmexico.mx\/blog\/wp-json\/wp\/v2\/product\/1258","targetHints":{"allow":["GET"]}}],"collection":[{"href":"https:\/\/www.raftmexico.mx\/blog\/wp-json\/wp\/v2\/product"}],"about":[{"href":"https:\/\/www.raftmexico.mx\/blog\/wp-json\/wp\/v2\/types\/product"}],"replies":[{"embeddable":true,"href":"https:\/\/www.raftmexico.mx\/blog\/wp-json\/wp\/v2\/comments?post=1258"}],"wp:featuredmedia":[{"embeddable":true,"href":"https:\/\/www.raftmexico.mx\/blog\/wp-json\/wp\/v2\/media\/1641"}],"wp:attachment":[{"href":"https:\/\/www.raftmexico.mx\/blog\/wp-json\/wp\/v2\/media?parent=1258"}],"wp:term":[{"taxonomy":"product_brand","embeddable":true,"href":"https:\/\/www.raftmexico.mx\/blog\/wp-json\/wp\/v2\/product_brand?post=1258"},{"taxonomy":"product_cat","embeddable":true,"href":"https:\/\/www.raftmexico.mx\/blog\/wp-json\/wp\/v2\/product_cat?post=1258"},{"taxonomy":"product_tag","embeddable":true,"href":"https:\/\/www.raftmexico.mx\/blog\/wp-json\/wp\/v2\/product_tag?post=1258"}],"curies":[{"name":"wp","href":"https:\/\/api.w.org\/{rel}","templated":true}]}}